{"id":1190,"date":"2026-02-25T07:16:49","date_gmt":"2026-02-25T07:16:49","guid":{"rendered":"https:\/\/zeroinflammations.com\/?post_type=product&#038;p=1190"},"modified":"2026-03-06T12:36:05","modified_gmt":"2026-03-06T12:36:05","slug":"5-sedinte-x-50-min","status":"publish","type":"product","link":"https:\/\/zeroinflammations.com\/ro\/product\/5-sessions-x-50-min\/","title":{"rendered":"5 \u0219edin\u021be x 50 min"},"content":{"rendered":"<p data-path-to-node=\"21\">Schimb\u0103rile structurale reale nu se produc peste noapte. Pachetul \u201cRezilien\u021b\u0103 durabil\u0103\u201d este destinat clien\u021bilor care sunt preg\u0103ti\u021bi s\u0103 dep\u0103\u0219easc\u0103 solu\u021biile rapide \u0219i s\u0103 investeasc\u0103 \u00een s\u0103n\u0103tatea lor pe termen lung.<\/p>\n<p data-path-to-node=\"22\">Prin angajamentul de a participa la 5 \u0219edin\u021be, putem trece prin \u00eentregul spectru al recuper\u0103rii:<\/p>\n<ol start=\"1\" data-path-to-node=\"23\">\n<li>\n<p data-path-to-node=\"23,0,0\"><b data-path-to-node=\"23,0,0\" data-index-in-node=\"0\">Decompresie:<\/b> Eliberarea \u00eenc\u0103rc\u0103turii acumulate pe articula\u021bii.<\/p>\n<\/li>\n<li>\n<p data-path-to-node=\"23,1,0\"><b data-path-to-node=\"23,1,0\" data-index-in-node=\"0\">Realiniere:<\/b> Corectarea posturii \u0219i a obiceiurilor de mi\u0219care.<\/p>\n<\/li>\n<li>\n<p data-path-to-node=\"23,2,0\"><b data-path-to-node=\"23,2,0\" data-index-in-node=\"0\">Integrare:<\/b> S\u0103 v\u0103 \u00eenv\u0103\u021ba\u021bi corpul s\u0103 se mi\u0219te eficient, astfel \u00eenc\u00e2t durerea s\u0103 nu reapar\u0103.<\/p>\n<\/li>\n<\/ol>\n<p data-path-to-node=\"24\">Aceasta este cea mai rentabil\u0103 modalitate de a v\u0103 gestiona s\u0103n\u0103tatea, indiferent dac\u0103 v\u0103 reabilita\u021bi dup\u0103 o accidentare sau v\u0103 men\u021bine\u021bi performan\u021ba maxim\u0103.<\/p>\n<p data-path-to-node=\"25\"><i data-path-to-node=\"25\" data-index-in-node=\"0\">Recomandat pentru: Corectarea posturii, reabilitarea pe termen lung \u0219i persoanele active care doresc men\u021binerea performan\u021bei.<\/i><\/p>","protected":false},"excerpt":{"rendered":"<p><b data-path-to-node=\"20\" data-index-in-node=\"57\">[Best Value]<\/b> Commit to long-term structural change. This comprehensive 5-session series is designed to take you from &#8220;pain relief&#8221; to &#8220;optimized movement,&#8221; retraining your body to prevent future injuries.<\/p>\n","protected":false},"featured_media":264,"template":"","meta":{"_acf_changed":false},"product_brand":[],"product_cat":[31],"product_tag":[],"class_list":{"0":"post-1190","1":"product","2":"type-product","3":"status-publish","4":"has-post-thumbnail","6":"product_cat-packages","8":"first","9":"instock","10":"virtual","11":"sold-individually","12":"purchasable","13":"product-type-simple"},"acf":[],"_links":{"self":[{"href":"https:\/\/zeroinflammations.com\/ro\/wp-json\/wp\/v2\/product\/1190","targetHints":{"allow":["GET"]}}],"collection":[{"href":"https:\/\/zeroinflammations.com\/ro\/wp-json\/wp\/v2\/product"}],"about":[{"href":"https:\/\/zeroinflammations.com\/ro\/wp-json\/wp\/v2\/types\/product"}],"wp:featuredmedia":[{"embeddable":true,"href":"https:\/\/zeroinflammations.com\/ro\/wp-json\/wp\/v2\/media\/264"}],"wp:attachment":[{"href":"https:\/\/zeroinflammations.com\/ro\/wp-json\/wp\/v2\/media?parent=1190"}],"wp:term":[{"taxonomy":"product_brand","embeddable":true,"href":"https:\/\/zeroinflammations.com\/ro\/wp-json\/wp\/v2\/product_brand?post=1190"},{"taxonomy":"product_cat","embeddable":true,"href":"https:\/\/zeroinflammations.com\/ro\/wp-json\/wp\/v2\/product_cat?post=1190"},{"taxonomy":"product_tag","embeddable":true,"href":"https:\/\/zeroinflammations.com\/ro\/wp-json\/wp\/v2\/product_tag?post=1190"}],"curies":[{"name":"wp","href":"https:\/\/api.w.org\/{rel}","templated":true}]}}